{"id":43370,"date":"2024-02-09T16:40:46","date_gmt":"2024-02-09T15:40:46","guid":{"rendered":"https:\/\/www.ivytour.it\/datenschutz-datenverarbeitung\/"},"modified":"2024-11-19T16:38:04","modified_gmt":"2024-11-19T15:38:04","slug":"datenschutz-datenverarbeitung","status":"publish","type":"page","link":"https:\/\/www.ivytour.it\/de\/datenschutz-datenverarbeitung\/","title":{"rendered":"Datenschutz &#8211; Verarbeitung von Daten"},"content":{"rendered":"\n<div style=\"height:70px\" aria-hidden=\"true\" class=\"wp-block-spacer\"><\/div>\n\n<p>Information gem\u00e4\u00df Art. 13 des Gesetzesdekrets n. 196\/2003 \u2013 Gesetzbuch \u00fcber den Schutz personenbezogener Daten \u2013 und an <strong>Datenschutz-Grundverordnung (DSGVO)<\/strong>,  <strong>General Data Protection Regulation<\/strong>\u2013 <strong>Verordnung<\/strong> EU 2016\/679, f\u00fcr diejenigen, die mit der Website interagieren <strong>www.ivytour.it der Reiseagentur Ivy Tour von Scopica Srls<\/strong> und verbundene Websites, beginnend von ihrer Homepage (http:\/\/www.ivytour.it) und unter Ausschluss von externen Websites, die m\u00f6glicherweise \u00fcber Links abrufbar sind.<\/p>\n\n<div style=\"height:70px\" aria-hidden=\"true\" class=\"wp-block-spacer\"><\/div>\n\n<h3 class=\"wp-block-heading\" id=\"h-tipi-di-dati-trattati-dal-sito\">Arten von Daten, die von der Website verarbeitet werden:<\/h3>\n\n<div style=\"height:50px\" aria-hidden=\"true\" class=\"wp-block-spacer\"><\/div>\n\n<p><strong>Navigationsdaten<\/strong><br\/>Die Informationssysteme und Softwareprozesse, die f\u00fcr den Betrieb dieser Website zust\u00e4ndig sind, erfassen im Rahmen ihres normalen Betriebs einige personenbezogene Daten, deren \u00dcbertragung durch die Verwendung der Internetkommunikationsprotokolle implizit erfolgt. In diese Kategorie fallen die IP-Adressen oder Dom\u00e4nennamen der Computer, die von den Nutzern verwendet werden, die sich mit der Website verbinden, die in URI-Notation (Uniform Resource Identifier) angegebenen Adressen der angeforderten Ressourcen und andere Parameter, die mit dem HTTP-Protokoll verbunden sind und sich auf das Betriebssystem und die IT-Umgebung des Benutzers beziehen. Diese Daten werden nur dazu verwendet, anonyme statistische Informationen \u00fcber die Nutzung der Website zu erhalten und deren ordnungsgem\u00e4\u00dfe Funktion zu \u00fcberpr\u00fcfen. Sie werden unmittelbar nach der Verarbeitung gel\u00f6scht. Die Daten k\u00f6nnten f\u00fcr die Ermittlung von Verantwortlichkeiten im Falle hypothetischer Computerstraftaten gegen die Website verwendet werden. In jedem Fall liefern diese Daten keine Anhaltspunkte f\u00fcr eine Benutzerprofilierung.<\/p>\n\n<div style=\"height:50px\" aria-hidden=\"true\" class=\"wp-block-spacer\"><\/div>\n\n<p><strong>Von Benutzern freiwillig bereitgestellte Daten<\/strong><br\/>Die fakultative, ausdr\u00fcckliche und freiwillige \u00dcbermittlung von E-Mails an die auf dieser Website angegebenen Adressen f\u00fchrt zur anschlie\u00dfenden Erfassung der Absenderadresse, die f\u00fcr die Beantwortung von Anfragen erforderlich ist, sowie eventuell anderer pers\u00f6nlicher Daten, die in der Mitteilung enthalten sind.<\/p>\n\n<div style=\"height:50px\" aria-hidden=\"true\" class=\"wp-block-spacer\"><\/div>\n\n<p><strong>Cookies<\/strong><br\/>Im Allgemeinen bestehen Cookies aus Codeabschnitten, die mit dem Browsen verwendet werden, um automatische Authentifizierungen, Sitzungsverfolgung und Speicherung von spezifischen Informationen \u00fcber Benutzer, die auf den Server zugreifen, auszuf\u00fchren, wie zum Beispiel bevorzugte Websites oder, im Falle von Online-K\u00e4ufen, den Inhalt ihrer &#8218;Einkaufswagen&#8216; [Die vollst\u00e4ndige Definition von <a href=\"http:\/\/it.wikipedia.org\/wiki\/Cookie\">Cookies auf Wikipedia<\/a> lautet:]<br\/>Keine personenbezogenen Daten der Benutzer werden von der Website in diesem Zusammenhang erfasst. Es werden keine Cookies zur \u00dcbermittlung pers\u00f6nlicher Informationen verwendet, noch werden sogenannte persistente Cookies jeglicher Art verwendet, also Systeme zur Verfolgung der Benutzer.<br\/>Durch die Konfiguration des eigenen Browsers (z. B. <a href=\"http:\/\/www.google.com\/policies\/technologies\/managing\/\">Chrome<\/a>, <a href=\"http:\/\/windows.microsoft.com\/it-it\/internet-explorer\/delete-manage-cookies#ie=ie-11\">Internet Explorer<\/a>, <a href=\"https:\/\/support.mozilla.org\/it\/kb\/Attivare%20e%20disattivare%20i%20cookie\">Firefox<\/a>) kann der Benutzer jederzeit die Funktion der Cookies deaktivieren oder dar\u00fcber informiert werden, wenn er ein Cookie empf\u00e4ngt, oder seine Zustimmung verweigern, indem er die Website verl\u00e4sst.<br\/>Mit Ausnahme der automatisch gesammelten Daten (Navigationsdaten) ist die Bereitstellung weiterer Informationen \u00fcber vorbereitete Formulare oder E-Mails freiwillig und spontan, und das Nichtsenden kann lediglich dazu f\u00fchren, dass bestimmte Anfragen nicht erf\u00fcllt werden.<br\/>Der Speicherort der Daten ist der Server des Providers, der die Website hostet (http:\/\/www.ivytour.it) f\u00fcr die Navigationsdaten und die Computer beim Inhaber der Website f\u00fcr andere Mitteilungen, mit Ausnahme der Cookies, die auf Ihren Computern gespeichert sind.<\/p>\n\n<div style=\"height:50px\" aria-hidden=\"true\" class=\"wp-block-spacer\"><\/div>\n\n<p><strong>Analytics-Cookies<\/strong><br\/>Der Blog verwendet anonymisierte <strong>Google Analytics-Cookies<\/strong>: Analytische Cookies gelten als technisch, wenn sie nur zu Optimierungszwecken verwendet werden und die IP-Adressen der Benutzer anonym bleiben. Wir informieren den Benutzer, dass diese Website den kostenlosen Dienst von Google Analytics verwendet und die Daten nur f\u00fcr statistische Zwecke, wie die Anzahl der Besucher, die am h\u00e4ufigsten besuchten Seiten, Besuche nach Betriebssystem, nach Browser usw., verwendet werden. Diese Parameter werden auf den <a href=\"https:\/\/www.google.com\/analytics\/learn\/privacy.html?hl=it\" target=\"_blank\" rel=\"noreferrer noopener\">Servern von Google gespeichert,<\/a> die ihre Datenschutzrichtlinien gem\u00e4\u00df diesen <a href=\"http:\/\/www.google.com\/intl\/it\/policies\/privacy\/\" target=\"_blank\" rel=\"noreferrer noopener\">Leitlinien regelt.<\/a>.<\/p>\n\n<div style=\"height:50px\" aria-hidden=\"true\" class=\"wp-block-spacer\"><\/div>\n\n<p><strong>WORD PRESS<br\/><\/strong> &#8211; Wir verwenden dieses Tool, um die Website am Laufen zu halten.<br\/><a href=\"https:\/\/wordpress.org\/about\/privacy\/\">https:\/\/wordpress.org\/about\/privacy\/<\/a><\/p>\n\n<div style=\"height:50px\" aria-hidden=\"true\" class=\"wp-block-spacer\"><\/div>\n\n<p><strong>Interaktion mit sozialen Netzwerken und externen Plattformen<\/strong><br\/>Google+1-Button und soziale Widgets, Tweet-Button und Twitter-Social Widgets, Facebook-Button, LinkedIn-Button und Pinterest-Button zum Teilen. Verwenden: Cookies und Nutzungsdaten<\/p>\n\n<div style=\"height:50px\" aria-hidden=\"true\" class=\"wp-block-spacer\"><\/div>\n\n<p><strong>Google+1-Button und soziale Widgets (Google Inc.)<br\/><\/strong> Der Google+1-Button und die sozialen Widgets sind Interaktionsdienste mit dem sozialen Netzwerk Google+, bereitgestellt von Google Inc.<br\/>Gesammelte pers\u00f6nliche Daten: Cookies und Nutzungsdaten.<br\/>Verarbeitungsort: USA &#8211; <a href=\"http:\/\/www.google.com\/intl\/it\/policies\/privacy\/\" target=\"_blank\" rel=\"noreferrer noopener\">Datenschutzrichtlinie<\/a><\/p>\n\n<div style=\"height:50px\" aria-hidden=\"true\" class=\"wp-block-spacer\"><\/div>\n\n<p><strong>Facebook-Button und soziale Widgets (Facebook, Inc.)<br\/><\/strong> Der Facebook-Button ist ein Interaktionsservice mit dem sozialen Netzwerk Facebook, bereitgestellt von Facebook, Inc.<br\/>Gesammelte pers\u00f6nliche Daten: Cookies und Nutzungsdaten.<br\/>Verarbeitungsort: USA &#8211; <a href=\"http:\/\/www.facebook.com\/privacy\/explanation.php\" target=\"_blank\" rel=\"noreferrer noopener\">Datenschutzrichtlinie<\/a><\/p>\n\n<div style=\"height:50px\" aria-hidden=\"true\" class=\"wp-block-spacer\"><\/div>\n\n<p><strong>Tweet-Button und soziale Widgets von Twitter (Twitter, Inc.)<br\/><\/strong> Der Tweet-Button und die sozialen Widgets von Twitter sind Interaktionsdienste mit dem sozialen Netzwerk Twitter, bereitgestellt von Twitter, Inc.<br\/>Gesammelte pers\u00f6nliche Daten: Cookies und Nutzungsdaten.<br\/>Verarbeitungsort: USA &#8211; <a href=\"http:\/\/twitter.com\/privacy\" target=\"_blank\" rel=\"noreferrer noopener\">Datenschutzrichtlinie<\/a><\/p>\n\n<div style=\"height:50px\" aria-hidden=\"true\" class=\"wp-block-spacer\"><\/div>\n\n<p><strong>LinkedIn-Button und soziale Widgets von Linkedin (LinkedIn)<br\/><\/strong> Der LinkedIn-Button ist ein Interaktionsservice mit dem sozialen Netzwerk Linkedin, bereitgestellt von Linkedin Inc.<br\/>Gesammelte pers\u00f6nliche Daten: Cookies und Navigations- und Nutzungsdaten.<br\/>Verarbeitungsort: USA &#8211; <a href=\"http:\/\/www.linkedin.com\/static?key=privacy_policy&amp;trk=hb_ft_priv\">Datenschutzrichtlinie<\/a><\/p>\n\n<div style=\"height:50px\" aria-hidden=\"true\" class=\"wp-block-spacer\"><\/div>\n\n<p><strong>Pinterest-Button und soziale Widgets von Pinterest (Pinterest, Inc.)<br\/><\/strong> Der Pinterest-Button ist ein Interaktionsdienst mit dem sozialen Netzwerk Pinterest, bereitgestellt von Pinterest, Inc.<br\/>Gesammelte pers\u00f6nliche Daten: Cookies und Nutzungsdaten.<br\/>Verarbeitungsort: USA &#8211; <a href=\"https:\/\/about.pinterest.com\/it\/privacy-policy\">Datenschutzrichtlinie<\/a><\/p>\n\n<div style=\"height:50px\" aria-hidden=\"true\" class=\"wp-block-spacer\"><\/div>\n\n<p><strong>Facebook Remarketing (Facebook, Inc.)<\/strong><br\/>Facebook Remarketing ist ein Remarketing- und Behavioral Targeting-Dienst, bereitgestellt von Facebook, Inc.<br\/><strong>Verwendung des Facebook-Pixel f\u00fcr Retargeting.<\/strong><br\/>Auf dieser Website verwende ich das Facebook-Pixel f\u00fcr <em>Retargeting<\/em>, das hei\u00dft, um Ihnen auf Facebook Anzeigen zu zeigen, die mit Seiten zusammenh\u00e4ngen, die Sie bereits besucht haben.<\/p>\n\n<div style=\"height:50px\" aria-hidden=\"true\" class=\"wp-block-spacer\"><\/div>\n\n<p>Gesammelte pers\u00f6nliche Daten: Cookies und Nutzungsdaten.<br\/>Verarbeitungsort: USA &#8211; <a href=\"https:\/\/www.facebook.com\/privacy\/policy\/\">Datenschutzrichtlinie<\/a> <strong>HOTJAR<\/strong><br\/>Hotjar erstellt Heatmaps und zeichnet das Verhalten der Benutzer beim Durchsuchen der Website anonym auf.<br\/>Wir verwenden dieses Tool, um Ihre Browser-Erfahrung zu verbessern. <a href=\"https:\/\/www.hotjar.com\/legal\/policies\/privacy\">https:\/\/www.hotjar.com\/legal\/policies\/privacy<\/a><\/p>\n\n<div style=\"height:50px\" aria-hidden=\"true\" class=\"wp-block-spacer\"><\/div>\n\n<p><strong>Newsletter<\/strong><br\/>Auf den Seiten der Website befindet sich ein Formular mit dem Feld &#8222;E-Mail-Adresse&#8220;<br\/>Wenn Sie das Feld mit Ihren Daten ausf\u00fcllen und auf die Anmeldeschaltfl\u00e4che klicken, speichert die Website diese im Datenbank f\u00fcr die zuk\u00fcnftige Verwendung gem\u00e4\u00df den in dieser Richtlinie beschriebenen Modalit\u00e4ten und Zwecken.<\/p>\n\n<div style=\"height:50px\" aria-hidden=\"true\" class=\"wp-block-spacer\"><\/div>\n\n<p><strong>Verarbeitungsmodalit\u00e4ten der Daten<\/strong><br\/>Die Verarbeitung der gesammelten Daten erfolgt durch die Website mithilfe von Informatik- und Telematikinstrumenten mit Logiken, die eng mit den unten aufgef\u00fchrten Zwecken verbunden sind und in jedem Fall sicherstellen, dass die Daten sicher und vertraulich behandelt werden.<br\/>Zur Bereitstellung und Verwaltung des Newsletters verwendet ivytour.it die Dienste von <strong>MailChimp<\/strong> (The Rocket Science Group, LLC, 512 Means St., Suite 404 &#8211; 30318 &#8211; Atlanta, Georgia), im Folgenden einfach als &#8222;MailChimp&#8220; bezeichnet.<br\/>Die gesammelten Daten werden auf den sicheren Servern von MailChimp gespeichert.<br\/>Gem\u00e4\u00df der <a href=\"http:\/\/mailchimp.com\/legal\/privacy\/\">Datenschutzrichtlinie<\/a> von MailChimp werden Ihre Daten niemals direkt von MailChimp verwendet oder von MailChimp an Dritte verkauft. MailChimp bedient sich autorisierter Betreiber f\u00fcr die Aufrechterhaltung des Dienstes, und bei der Aus\u00fcbung dieser Funktion k\u00f6nnten sie Zugriff auf Ihre Daten haben. In jedem Fall gelten die Garantien gem\u00e4\u00df der <a href=\"http:\/\/mailchimp.com\/legal\/privacy\/\">Datenschutzrichtlinie von MailChimp<\/a>.<br\/>In Bezug auf die unten beschriebenen Zwecke werden die Daten, wenn der Inhaber den Newsletter versendet, durch die von MailChimp bereitgestellten Tools abgerufen, und \u00fcber diese Tools wird der Newsletter versendet.<\/p>\n\n<div style=\"height:50px\" aria-hidden=\"true\" class=\"wp-block-spacer\"><\/div>\n\n<p><strong>Der f\u00fcr die Verarbeitung Verantwortliche ist:<\/strong><br\/>Emanuele Sileo, wohnhaft in Satriano di Lucania (PZ)<br\/>emanuele@ivytour.it<\/p>\n\n<div style=\"height:50px\" aria-hidden=\"true\" class=\"wp-block-spacer\"><\/div>\n\n<p><strong>Rechte auf Zugang zu personenbezogenen Daten<br\/><\/strong>Die Personen, auf die sich die personenbezogenen Daten beziehen, haben jederzeit das Recht, die Best\u00e4tigung der Existenz dieser Daten zu erhalten, deren Inhalt und Herkunft zu erfahren, deren Richtigkeit zu \u00fcberpr\u00fcfen oder deren Integration oder Aktualisierung zu verlangen, sowie deren Berichtigung gem\u00e4\u00df Art. 7 des Gesetzesdekrets Nr. 196\/2003. Gem\u00e4\u00df demselben Artikel hat man das Recht, die L\u00f6schung, die Umwandlung in anonyme Form oder die Sperrung von rechtswidrig verarbeiteten Daten zu verlangen, sowie sich aus legitimen Gr\u00fcnden jederzeit der Verarbeitung dieser Daten zu widersetzen. Anfragen sind an den Eigent\u00fcmer der betreffenden Website zu richten.<br\/>Angesichts des aktuellen Entwicklungsstands der geltenden Vorschriften wird darauf hingewiesen, dass dieses Dokument, das unter der Adresse <a href=\"http:\/\/www.ivytour.it\/privacy-trattamento-dei-dati\/\">http:\/\/www.ivytour.it\/datenschutz-datenverarbeitung\/de<\/a> ver\u00f6ffentlicht ist, die erweiterte Cookie-Richtlinie dieser Website darstellt und Aktualisierungen unterliegt.<\/p>\n\n<div style=\"height:85px\" aria-hidden=\"true\" class=\"wp-block-spacer\"><\/div>\n","protected":false},"excerpt":{"rendered":"<p>Information gem\u00e4\u00df Art. 13 des Gesetzesdekrets n. 196\/2003 \u2013 Gesetzbuch \u00fcber den Schutz personenbezogener Daten \u2013 und an Datenschutz-Grundverordnung (DSGVO), General Data Protection Regulation\u2013 Verordnung EU 2016\/679, f\u00fcr diejenigen, die mit der Website interagieren www.ivytour.it der Reiseagentur Ivy Tour von Scopica Srls und verbundene Websites, beginnend von ihrer Homepage (http:\/\/www.ivytour.it) und unter Ausschluss von externen [&hellip;]<\/p>\n","protected":false},"author":1,"featured_media":43371,"parent":0,"menu_order":0,"comment_status":"closed","ping_status":"closed","template":"","meta":{"_acf_changed":false,"_monsterinsights_skip_tracking":false,"_monsterinsights_sitenote_active":false,"_monsterinsights_sitenote_note":"","_monsterinsights_sitenote_category":0,"_jet_sm_ready_style":"","_jet_sm_style":"","_jet_sm_controls_values":"","_jet_sm_fonts_collection":"","_jet_sm_fonts_links":"","footnotes":""},"class_list":["post-43370","page","type-page","status-publish","has-post-thumbnail","hentry"],"acf":[],"yoast_head":"<!-- This site is optimized with the Yoast SEO Premium plugin v27.3 (Yoast SEO v27.3) - https:\/\/yoast.com\/product\/yoast-seo-premium-wordpress\/ -->\n<title>Datenschutz - Verarbeitung von Daten - IvyTour Basilicata<\/title>\n<meta name=\"description\" content=\"Informationen zur Verarbeitung personenbezogener Daten derjenigen, die mit der Website www.ivytour.it der Reiseagentur Ivy Tour interagieren.\" \/>\n<meta name=\"robots\" content=\"index, follow, max-snippet:-1, max-image-preview:large, max-video-preview:-1\" \/>\n<link rel=\"canonical\" href=\"https:\/\/www.ivytour.it\/de\/datenschutz-datenverarbeitung\/\" \/>\n<meta property=\"og:locale\" content=\"de_DE\" \/>\n<meta property=\"og:type\" content=\"article\" \/>\n<meta property=\"og:title\" content=\"Datenschutz - Verarbeitung von Daten\" \/>\n<meta property=\"og:description\" content=\"Informationen zur Verarbeitung personenbezogener Daten derjenigen, die mit der Website www.ivytour.it der Reiseagentur Ivy Tour interagieren.\" \/>\n<meta property=\"og:url\" content=\"https:\/\/www.ivytour.it\/de\/datenschutz-datenverarbeitung\/\" \/>\n<meta property=\"og:site_name\" content=\"IvyTour Basilicata\" \/>\n<meta property=\"article:modified_time\" content=\"2024-11-19T15:38:04+00:00\" \/>\n<meta property=\"og:image\" content=\"https:\/\/www.ivytour.it\/wp-content\/uploads\/2020\/12\/Zaino-da-Trekking.jpg\" \/>\n\t<meta property=\"og:image:width\" content=\"1500\" \/>\n\t<meta property=\"og:image:height\" content=\"1000\" \/>\n\t<meta property=\"og:image:type\" content=\"image\/jpeg\" \/>\n<meta name=\"twitter:card\" content=\"summary_large_image\" \/>\n<meta name=\"twitter:label1\" content=\"Gesch\u00e4tzte Lesezeit\" \/>\n\t<meta name=\"twitter:data1\" content=\"6\u00a0Minuten\" \/>\n<script type=\"application\/ld+json\" class=\"yoast-schema-graph\">{\"@context\":\"https:\\\/\\\/schema.org\",\"@graph\":[{\"@type\":\"WebPage\",\"@id\":\"https:\\\/\\\/www.ivytour.it\\\/de\\\/datenschutz-datenverarbeitung\\\/\",\"url\":\"https:\\\/\\\/www.ivytour.it\\\/de\\\/datenschutz-datenverarbeitung\\\/\",\"name\":\"Datenschutz - Verarbeitung von Daten - IvyTour Basilicata\",\"isPartOf\":{\"@id\":\"https:\\\/\\\/www.ivytour.it\\\/de\\\/#website\"},\"primaryImageOfPage\":{\"@id\":\"https:\\\/\\\/www.ivytour.it\\\/de\\\/datenschutz-datenverarbeitung\\\/#primaryimage\"},\"image\":{\"@id\":\"https:\\\/\\\/www.ivytour.it\\\/de\\\/datenschutz-datenverarbeitung\\\/#primaryimage\"},\"thumbnailUrl\":\"https:\\\/\\\/www.ivytour.it\\\/wp-content\\\/uploads\\\/2020\\\/12\\\/Zaino-da-Trekking.jpg\",\"datePublished\":\"2024-02-09T15:40:46+00:00\",\"dateModified\":\"2024-11-19T15:38:04+00:00\",\"description\":\"Informationen zur Verarbeitung personenbezogener Daten derjenigen, die mit der Website www.ivytour.it der Reiseagentur Ivy Tour interagieren.\",\"breadcrumb\":{\"@id\":\"https:\\\/\\\/www.ivytour.it\\\/de\\\/datenschutz-datenverarbeitung\\\/#breadcrumb\"},\"inLanguage\":\"de\",\"potentialAction\":[{\"@type\":\"ReadAction\",\"target\":[\"https:\\\/\\\/www.ivytour.it\\\/de\\\/datenschutz-datenverarbeitung\\\/\"]}]},{\"@type\":\"ImageObject\",\"inLanguage\":\"de\",\"@id\":\"https:\\\/\\\/www.ivytour.it\\\/de\\\/datenschutz-datenverarbeitung\\\/#primaryimage\",\"url\":\"https:\\\/\\\/www.ivytour.it\\\/wp-content\\\/uploads\\\/2020\\\/12\\\/Zaino-da-Trekking.jpg\",\"contentUrl\":\"https:\\\/\\\/www.ivytour.it\\\/wp-content\\\/uploads\\\/2020\\\/12\\\/Zaino-da-Trekking.jpg\",\"width\":1500,\"height\":1000},{\"@type\":\"BreadcrumbList\",\"@id\":\"https:\\\/\\\/www.ivytour.it\\\/de\\\/datenschutz-datenverarbeitung\\\/#breadcrumb\",\"itemListElement\":[{\"@type\":\"ListItem\",\"position\":1,\"name\":\"Home\",\"item\":\"https:\\\/\\\/www.ivytour.it\\\/de\\\/\"},{\"@type\":\"ListItem\",\"position\":2,\"name\":\"Datenschutz &#8211; Verarbeitung von Daten\"}]},{\"@type\":\"WebSite\",\"@id\":\"https:\\\/\\\/www.ivytour.it\\\/de\\\/#website\",\"url\":\"https:\\\/\\\/www.ivytour.it\\\/de\\\/\",\"name\":\"IvyTour Basilicata\",\"description\":\"Agenzia di viaggi &amp; Tour Operator\",\"publisher\":{\"@id\":\"https:\\\/\\\/www.ivytour.it\\\/de\\\/#organization\"},\"potentialAction\":[{\"@type\":\"SearchAction\",\"target\":{\"@type\":\"EntryPoint\",\"urlTemplate\":\"https:\\\/\\\/www.ivytour.it\\\/de\\\/?s={search_term_string}\"},\"query-input\":{\"@type\":\"PropertyValueSpecification\",\"valueRequired\":true,\"valueName\":\"search_term_string\"}}],\"inLanguage\":\"de\"},{\"@type\":\"Organization\",\"@id\":\"https:\\\/\\\/www.ivytour.it\\\/de\\\/#organization\",\"name\":\"Ivy Tour Basilicata\",\"url\":\"https:\\\/\\\/www.ivytour.it\\\/de\\\/\",\"logo\":{\"@type\":\"ImageObject\",\"inLanguage\":\"de\",\"@id\":\"https:\\\/\\\/www.ivytour.it\\\/de\\\/#\\\/schema\\\/logo\\\/image\\\/\",\"url\":\"https:\\\/\\\/www.ivytour.it\\\/wp-content\\\/uploads\\\/2020\\\/12\\\/ivytour_logo_small-e1607637115204.png\",\"contentUrl\":\"https:\\\/\\\/www.ivytour.it\\\/wp-content\\\/uploads\\\/2020\\\/12\\\/ivytour_logo_small-e1607637115204.png\",\"width\":298,\"height\":90,\"caption\":\"Ivy Tour Basilicata\"},\"image\":{\"@id\":\"https:\\\/\\\/www.ivytour.it\\\/de\\\/#\\\/schema\\\/logo\\\/image\\\/\"}}]}<\/script>\n<!-- \/ Yoast SEO Premium plugin. -->","yoast_head_json":{"title":"Datenschutz - Verarbeitung von Daten - IvyTour Basilicata","description":"Informationen zur Verarbeitung personenbezogener Daten derjenigen, die mit der Website www.ivytour.it der Reiseagentur Ivy Tour interagieren.","robots":{"index":"index","follow":"follow","max-snippet":"max-snippet:-1","max-image-preview":"max-image-preview:large","max-video-preview":"max-video-preview:-1"},"canonical":"https:\/\/www.ivytour.it\/de\/datenschutz-datenverarbeitung\/","og_locale":"de_DE","og_type":"article","og_title":"Datenschutz - Verarbeitung von Daten","og_description":"Informationen zur Verarbeitung personenbezogener Daten derjenigen, die mit der Website www.ivytour.it der Reiseagentur Ivy Tour interagieren.","og_url":"https:\/\/www.ivytour.it\/de\/datenschutz-datenverarbeitung\/","og_site_name":"IvyTour Basilicata","article_modified_time":"2024-11-19T15:38:04+00:00","og_image":[{"width":1500,"height":1000,"url":"https:\/\/www.ivytour.it\/wp-content\/uploads\/2020\/12\/Zaino-da-Trekking.jpg","type":"image\/jpeg"}],"twitter_card":"summary_large_image","twitter_misc":{"Gesch\u00e4tzte Lesezeit":"6\u00a0Minuten"},"schema":{"@context":"https:\/\/schema.org","@graph":[{"@type":"WebPage","@id":"https:\/\/www.ivytour.it\/de\/datenschutz-datenverarbeitung\/","url":"https:\/\/www.ivytour.it\/de\/datenschutz-datenverarbeitung\/","name":"Datenschutz - Verarbeitung von Daten - IvyTour Basilicata","isPartOf":{"@id":"https:\/\/www.ivytour.it\/de\/#website"},"primaryImageOfPage":{"@id":"https:\/\/www.ivytour.it\/de\/datenschutz-datenverarbeitung\/#primaryimage"},"image":{"@id":"https:\/\/www.ivytour.it\/de\/datenschutz-datenverarbeitung\/#primaryimage"},"thumbnailUrl":"https:\/\/www.ivytour.it\/wp-content\/uploads\/2020\/12\/Zaino-da-Trekking.jpg","datePublished":"2024-02-09T15:40:46+00:00","dateModified":"2024-11-19T15:38:04+00:00","description":"Informationen zur Verarbeitung personenbezogener Daten derjenigen, die mit der Website www.ivytour.it der Reiseagentur Ivy Tour interagieren.","breadcrumb":{"@id":"https:\/\/www.ivytour.it\/de\/datenschutz-datenverarbeitung\/#breadcrumb"},"inLanguage":"de","potentialAction":[{"@type":"ReadAction","target":["https:\/\/www.ivytour.it\/de\/datenschutz-datenverarbeitung\/"]}]},{"@type":"ImageObject","inLanguage":"de","@id":"https:\/\/www.ivytour.it\/de\/datenschutz-datenverarbeitung\/#primaryimage","url":"https:\/\/www.ivytour.it\/wp-content\/uploads\/2020\/12\/Zaino-da-Trekking.jpg","contentUrl":"https:\/\/www.ivytour.it\/wp-content\/uploads\/2020\/12\/Zaino-da-Trekking.jpg","width":1500,"height":1000},{"@type":"BreadcrumbList","@id":"https:\/\/www.ivytour.it\/de\/datenschutz-datenverarbeitung\/#breadcrumb","itemListElement":[{"@type":"ListItem","position":1,"name":"Home","item":"https:\/\/www.ivytour.it\/de\/"},{"@type":"ListItem","position":2,"name":"Datenschutz &#8211; Verarbeitung von Daten"}]},{"@type":"WebSite","@id":"https:\/\/www.ivytour.it\/de\/#website","url":"https:\/\/www.ivytour.it\/de\/","name":"IvyTour Basilicata","description":"Agenzia di viaggi &amp; Tour Operator","publisher":{"@id":"https:\/\/www.ivytour.it\/de\/#organization"},"potentialAction":[{"@type":"SearchAction","target":{"@type":"EntryPoint","urlTemplate":"https:\/\/www.ivytour.it\/de\/?s={search_term_string}"},"query-input":{"@type":"PropertyValueSpecification","valueRequired":true,"valueName":"search_term_string"}}],"inLanguage":"de"},{"@type":"Organization","@id":"https:\/\/www.ivytour.it\/de\/#organization","name":"Ivy Tour Basilicata","url":"https:\/\/www.ivytour.it\/de\/","logo":{"@type":"ImageObject","inLanguage":"de","@id":"https:\/\/www.ivytour.it\/de\/#\/schema\/logo\/image\/","url":"https:\/\/www.ivytour.it\/wp-content\/uploads\/2020\/12\/ivytour_logo_small-e1607637115204.png","contentUrl":"https:\/\/www.ivytour.it\/wp-content\/uploads\/2020\/12\/ivytour_logo_small-e1607637115204.png","width":298,"height":90,"caption":"Ivy Tour Basilicata"},"image":{"@id":"https:\/\/www.ivytour.it\/de\/#\/schema\/logo\/image\/"}}]}},"_links":{"self":[{"href":"https:\/\/www.ivytour.it\/de\/wp-json\/wp\/v2\/pages\/43370","targetHints":{"allow":["GET"]}}],"collection":[{"href":"https:\/\/www.ivytour.it\/de\/wp-json\/wp\/v2\/pages"}],"about":[{"href":"https:\/\/www.ivytour.it\/de\/wp-json\/wp\/v2\/types\/page"}],"author":[{"embeddable":true,"href":"https:\/\/www.ivytour.it\/de\/wp-json\/wp\/v2\/users\/1"}],"replies":[{"embeddable":true,"href":"https:\/\/www.ivytour.it\/de\/wp-json\/wp\/v2\/comments?post=43370"}],"version-history":[{"count":0,"href":"https:\/\/www.ivytour.it\/de\/wp-json\/wp\/v2\/pages\/43370\/revisions"}],"wp:featuredmedia":[{"embeddable":true,"href":"https:\/\/www.ivytour.it\/de\/wp-json\/wp\/v2\/media\/43371"}],"wp:attachment":[{"href":"https:\/\/www.ivytour.it\/de\/wp-json\/wp\/v2\/media?parent=43370"}],"curies":[{"name":"wp","href":"https:\/\/api.w.org\/{rel}","templated":true}]}}