{"id":43640,"date":"2024-02-13T18:45:25","date_gmt":"2024-02-13T17:45:25","guid":{"rendered":"https:\/\/www.ivytour.it\/stornierung-und-erstattung\/"},"modified":"2024-02-13T18:45:26","modified_gmt":"2024-02-13T17:45:26","slug":"stornierung-und-erstattung","status":"publish","type":"page","link":"https:\/\/www.ivytour.it\/de\/stornierung-und-erstattung\/","title":{"rendered":"Verkaufs- und Stornierungsbedingungen"},"content":{"rendered":"\n<div style=\"height:70px\" aria-hidden=\"true\" class=\"wp-block-spacer\"><\/div>\n\n<h3 class=\"wp-block-heading\" id=\"h-cancellazione-e-rimborsi\">STORNIERUNG UND R\u00dcCKERSTATTUNG<\/h3>\n\n<p><strong>Bedingungen f\u00fcr Reservierungen<\/strong><\/p>\n\n<p><strong>Was passiert, wenn ich nicht kommen kann?<\/strong><br\/>Im Folgenden findst Du unsere klare und respektvolle Stornierungsrichtlinie, die sowohl die Rechte der Reisenden als auch der vielen Anbieter respektiert, die sofort benachrichtigt werden, sobald die Reservierung erfolgreich ist, und sich auf Deine Ankunft vorbereiten.<\/p>\n\n<div style=\"height:70px\" aria-hidden=\"true\" class=\"wp-block-spacer\"><\/div>\n\n<h2 class=\"wp-block-heading\" id=\"h-pacchetti-e-viaggi-avventura\"><strong>PAKETE UND ABENTEUERREISEN<\/strong><\/h2>\n\n<p><strong>KOSTENLOSE STORNIERUNG<\/strong><br\/>Bis 31 Tage vor Ankunft betr\u00e4gt die erstattungsf\u00e4hige Geb\u00fchr 100%.<\/p>\n\n<p><strong>NACHFOLGENDE STORNIERUNGEN<\/strong><br\/>F\u00fcr Stornierungen von 30 Tagen bis 21 Tagen vor Ankunft betr\u00e4gt die erstattungsf\u00e4hige Geb\u00fchr 50%.<br\/>F\u00fcr Stornierungen von 20 Tagen bis 11 Tagen vor Ankunft betr\u00e4gt die erstattungsf\u00e4hige Geb\u00fchr 30%.<\/p>\n\n<p><strong>NO SHOW<\/strong><br\/>F\u00fcr Absagen und Stornierungen bis 10 Tage vor Ankunft erfolgt keine R\u00fcckerstattung.<\/p>\n\n<p><strong>ZAHLUNG<br\/><\/strong>Zahlung einer Anzahlung zum Zeitpunkt der Buchung in H\u00f6he von 100,00 \u20ac pro Person.<br\/>Restbetrag des gesamten Beitrags bis 30 Tage vor Ankunft zu zahlen.<br\/>Wenn die Buchung innerhalb von 30 Tagen vor Abreise erfolgt, ist der gesamte Beitrag zu zahlen.<br\/>Wir k\u00f6nnen alternative L\u00f6sungen f\u00fcr Gruppen finden. <\/p>\n\n<div style=\"height:70px\" aria-hidden=\"true\" class=\"wp-block-spacer\"><\/div>\n\n<h2 class=\"wp-block-heading\" id=\"h-escursioni-singole\"><strong>EINZELNE AUSFL\u00dcGE<\/strong><\/h2>\n\n<p><strong>KOSTENLOSE STORNIERUNG<\/strong><br\/>Bis 48 Stunden vor dem Ausflugstag betr\u00e4gt die erstattungsf\u00e4hige Geb\u00fchr 100%.<\/p>\n\n<p><strong>NO SHOW<\/strong><br\/>F\u00fcr Absagen und Stornierungen bis 48 Stunden vor Ausflugstag erfolgt keine R\u00fcckerstattung.<\/p>\n\n<p><strong>Zahlung<br\/><\/strong>Vorauszahlung zu 100%. <\/p>\n\n<div style=\"height:70px\" aria-hidden=\"true\" class=\"wp-block-spacer\"><\/div>\n\n<h2 class=\"wp-block-heading\" id=\"h-eventi-pacchetti-giornalieri\"><strong>VERANSTALTUNGEN, TAGESPAKETE<\/strong><\/h2>\n\n<p><strong>KOSTENLOSE STORNIERUNG<\/strong><br\/>Bis 5 Tage vor der Aktivit\u00e4t betr\u00e4gt die erstattungsf\u00e4hige Geb\u00fchr 100%.<\/p>\n\n<p><strong>NO SHOW<\/strong><br\/>F\u00fcr Stornierungen und Absagen innerhalb von 4 Tagen vor der Aktivit\u00e4t ist keine R\u00fcckerstattung vorgesehen.<\/p>\n\n<p><strong>Zahlung<br\/><\/strong>Vorauszahlung zu 100%. <\/p>\n\n<div style=\"height:70px\" aria-hidden=\"true\" class=\"wp-block-spacer\"><\/div>\n\n<h2 class=\"wp-block-heading\" id=\"h-covid-19\"><strong>COVID-19<\/strong><\/h2>\n\n<p>Im Falle von Reiseunf\u00e4higkeit aufgrund von Beschr\u00e4nkungen (national, regional oder kommunal) f\u00fcr Reisen im Zusammenhang mit der Covid-19-Pandemie kannst du das bereits zu 100% bezahlte Guthaben f\u00fcr einen anderen Termin oder ein anderes Produkt von Ivy Tour innerhalb eines Jahres verwenden Es sind keine Ausnahmen von der Stornierungsrichtlinie von Ivy Tour vorgesehen f\u00fcr diejenigen, die die Reise innerhalb von 30 Tagen vor Ankunftsdatum aufgrund von Umst\u00e4nden im Zusammenhang mit Covid-19 absagen (dh, wenn sie positiv getestet wurden oder Kontakt zu positiv getesteten Personen hatten). Mit anderen Worten, wenn du eine Woche vor der Ankunft positiv auf Covid-19 getestet wirst und die Reservierung stornieren m\u00f6chtest, gilt dieselbe Stornierungsrichtlinie wie f\u00fcr jeden anderen Grund (siehe oben). <\/p>\n\n<p><strong>\u00c4NDERUNGEN AN DER RESERVIERUNG<\/strong><br\/>Kostenlose \u00c4nderung bis zum 31. Tag vor Ankunftsdatum.<\/p>\n","protected":false},"excerpt":{"rendered":"<p>STORNIERUNG UND R\u00dcCKERSTATTUNG Bedingungen f\u00fcr Reservierungen Was passiert, wenn ich nicht kommen kann?Im Folgenden findst Du unsere klare und respektvolle Stornierungsrichtlinie, die sowohl die Rechte der Reisenden als auch der vielen Anbieter respektiert, die sofort benachrichtigt werden, sobald die Reservierung erfolgreich ist, und sich auf Deine Ankunft vorbereiten. PAKETE UND ABENTEUERREISEN KOSTENLOSE STORNIERUNGBis 31 Tage [&hellip;]<\/p>\n","protected":false},"author":1,"featured_media":0,"parent":0,"menu_order":0,"comment_status":"closed","ping_status":"closed","template":"","meta":{"_acf_changed":false,"_monsterinsights_skip_tracking":false,"_monsterinsights_sitenote_active":false,"_monsterinsights_sitenote_note":"","_monsterinsights_sitenote_category":0,"_jet_sm_ready_style":"","_jet_sm_style":"","_jet_sm_controls_values":"","_jet_sm_fonts_collection":"","_jet_sm_fonts_links":"","footnotes":""},"class_list":["post-43640","page","type-page","status-publish","hentry"],"acf":[],"yoast_head":"<!-- This site is optimized with the Yoast SEO Premium plugin v27.3 (Yoast SEO v27.3) - https:\/\/yoast.com\/product\/yoast-seo-premium-wordpress\/ -->\n<title>Verkaufs- und Stornierungsbedingungen und Stornierungsrichtlinien - IvyTour<\/title>\n<meta name=\"description\" content=\"Verkaufs- und Stornierungsrichtlinien f\u00fcr auf der Website www.ivytour.it\/de gebuchte Dienstleistungen der Reiseagentur Ivy Tour Basilikata\" \/>\n<meta name=\"robots\" content=\"index, follow, max-snippet:-1, max-image-preview:large, max-video-preview:-1\" \/>\n<link rel=\"canonical\" href=\"https:\/\/www.ivytour.it\/de\/stornierung-und-erstattung\/\" \/>\n<meta property=\"og:locale\" content=\"de_DE\" \/>\n<meta property=\"og:type\" content=\"article\" \/>\n<meta property=\"og:title\" content=\"Verkaufs- und Stornierungsbedingungen\" \/>\n<meta property=\"og:description\" content=\"Verkaufs- und Stornierungsrichtlinien f\u00fcr auf der Website www.ivytour.it\/de gebuchte Dienstleistungen der Reiseagentur Ivy Tour Basilikata\" \/>\n<meta property=\"og:url\" content=\"https:\/\/www.ivytour.it\/de\/stornierung-und-erstattung\/\" \/>\n<meta property=\"og:site_name\" content=\"IvyTour Basilicata\" \/>\n<meta property=\"article:modified_time\" content=\"2024-02-13T17:45:26+00:00\" \/>\n<meta name=\"twitter:card\" content=\"summary_large_image\" \/>\n<meta name=\"twitter:label1\" content=\"Gesch\u00e4tzte Lesezeit\" \/>\n\t<meta name=\"twitter:data1\" content=\"2\u00a0Minuten\" \/>\n<script type=\"application\/ld+json\" class=\"yoast-schema-graph\">{\"@context\":\"https:\\\/\\\/schema.org\",\"@graph\":[{\"@type\":\"WebPage\",\"@id\":\"https:\\\/\\\/www.ivytour.it\\\/de\\\/stornierung-und-erstattung\\\/\",\"url\":\"https:\\\/\\\/www.ivytour.it\\\/de\\\/stornierung-und-erstattung\\\/\",\"name\":\"Verkaufs- und Stornierungsbedingungen und Stornierungsrichtlinien - IvyTour\",\"isPartOf\":{\"@id\":\"https:\\\/\\\/www.ivytour.it\\\/de\\\/#website\"},\"datePublished\":\"2024-02-13T17:45:25+00:00\",\"dateModified\":\"2024-02-13T17:45:26+00:00\",\"description\":\"Verkaufs- und Stornierungsrichtlinien f\u00fcr auf der Website www.ivytour.it\\\/de gebuchte Dienstleistungen der Reiseagentur Ivy Tour Basilikata\",\"breadcrumb\":{\"@id\":\"https:\\\/\\\/www.ivytour.it\\\/de\\\/stornierung-und-erstattung\\\/#breadcrumb\"},\"inLanguage\":\"de\",\"potentialAction\":[{\"@type\":\"ReadAction\",\"target\":[\"https:\\\/\\\/www.ivytour.it\\\/de\\\/stornierung-und-erstattung\\\/\"]}]},{\"@type\":\"BreadcrumbList\",\"@id\":\"https:\\\/\\\/www.ivytour.it\\\/de\\\/stornierung-und-erstattung\\\/#breadcrumb\",\"itemListElement\":[{\"@type\":\"ListItem\",\"position\":1,\"name\":\"Home\",\"item\":\"https:\\\/\\\/www.ivytour.it\\\/de\\\/\"},{\"@type\":\"ListItem\",\"position\":2,\"name\":\"Verkaufs- und Stornierungsbedingungen\"}]},{\"@type\":\"WebSite\",\"@id\":\"https:\\\/\\\/www.ivytour.it\\\/de\\\/#website\",\"url\":\"https:\\\/\\\/www.ivytour.it\\\/de\\\/\",\"name\":\"IvyTour Basilicata\",\"description\":\"Agenzia di viaggi &amp; Tour Operator\",\"publisher\":{\"@id\":\"https:\\\/\\\/www.ivytour.it\\\/de\\\/#organization\"},\"potentialAction\":[{\"@type\":\"SearchAction\",\"target\":{\"@type\":\"EntryPoint\",\"urlTemplate\":\"https:\\\/\\\/www.ivytour.it\\\/de\\\/?s={search_term_string}\"},\"query-input\":{\"@type\":\"PropertyValueSpecification\",\"valueRequired\":true,\"valueName\":\"search_term_string\"}}],\"inLanguage\":\"de\"},{\"@type\":\"Organization\",\"@id\":\"https:\\\/\\\/www.ivytour.it\\\/de\\\/#organization\",\"name\":\"Ivy Tour Basilicata\",\"url\":\"https:\\\/\\\/www.ivytour.it\\\/de\\\/\",\"logo\":{\"@type\":\"ImageObject\",\"inLanguage\":\"de\",\"@id\":\"https:\\\/\\\/www.ivytour.it\\\/de\\\/#\\\/schema\\\/logo\\\/image\\\/\",\"url\":\"https:\\\/\\\/www.ivytour.it\\\/wp-content\\\/uploads\\\/2020\\\/12\\\/ivytour_logo_small-e1607637115204.png\",\"contentUrl\":\"https:\\\/\\\/www.ivytour.it\\\/wp-content\\\/uploads\\\/2020\\\/12\\\/ivytour_logo_small-e1607637115204.png\",\"width\":298,\"height\":90,\"caption\":\"Ivy Tour Basilicata\"},\"image\":{\"@id\":\"https:\\\/\\\/www.ivytour.it\\\/de\\\/#\\\/schema\\\/logo\\\/image\\\/\"}}]}<\/script>\n<!-- \/ Yoast SEO Premium plugin. -->","yoast_head_json":{"title":"Verkaufs- und Stornierungsbedingungen und Stornierungsrichtlinien - IvyTour","description":"Verkaufs- und Stornierungsrichtlinien f\u00fcr auf der Website www.ivytour.it\/de gebuchte Dienstleistungen der Reiseagentur Ivy Tour Basilikata","robots":{"index":"index","follow":"follow","max-snippet":"max-snippet:-1","max-image-preview":"max-image-preview:large","max-video-preview":"max-video-preview:-1"},"canonical":"https:\/\/www.ivytour.it\/de\/stornierung-und-erstattung\/","og_locale":"de_DE","og_type":"article","og_title":"Verkaufs- und Stornierungsbedingungen","og_description":"Verkaufs- und Stornierungsrichtlinien f\u00fcr auf der Website www.ivytour.it\/de gebuchte Dienstleistungen der Reiseagentur Ivy Tour Basilikata","og_url":"https:\/\/www.ivytour.it\/de\/stornierung-und-erstattung\/","og_site_name":"IvyTour Basilicata","article_modified_time":"2024-02-13T17:45:26+00:00","twitter_card":"summary_large_image","twitter_misc":{"Gesch\u00e4tzte Lesezeit":"2\u00a0Minuten"},"schema":{"@context":"https:\/\/schema.org","@graph":[{"@type":"WebPage","@id":"https:\/\/www.ivytour.it\/de\/stornierung-und-erstattung\/","url":"https:\/\/www.ivytour.it\/de\/stornierung-und-erstattung\/","name":"Verkaufs- und Stornierungsbedingungen und Stornierungsrichtlinien - IvyTour","isPartOf":{"@id":"https:\/\/www.ivytour.it\/de\/#website"},"datePublished":"2024-02-13T17:45:25+00:00","dateModified":"2024-02-13T17:45:26+00:00","description":"Verkaufs- und Stornierungsrichtlinien f\u00fcr auf der Website www.ivytour.it\/de gebuchte Dienstleistungen der Reiseagentur Ivy Tour Basilikata","breadcrumb":{"@id":"https:\/\/www.ivytour.it\/de\/stornierung-und-erstattung\/#breadcrumb"},"inLanguage":"de","potentialAction":[{"@type":"ReadAction","target":["https:\/\/www.ivytour.it\/de\/stornierung-und-erstattung\/"]}]},{"@type":"BreadcrumbList","@id":"https:\/\/www.ivytour.it\/de\/stornierung-und-erstattung\/#breadcrumb","itemListElement":[{"@type":"ListItem","position":1,"name":"Home","item":"https:\/\/www.ivytour.it\/de\/"},{"@type":"ListItem","position":2,"name":"Verkaufs- und Stornierungsbedingungen"}]},{"@type":"WebSite","@id":"https:\/\/www.ivytour.it\/de\/#website","url":"https:\/\/www.ivytour.it\/de\/","name":"IvyTour Basilicata","description":"Agenzia di viaggi &amp; Tour Operator","publisher":{"@id":"https:\/\/www.ivytour.it\/de\/#organization"},"potentialAction":[{"@type":"SearchAction","target":{"@type":"EntryPoint","urlTemplate":"https:\/\/www.ivytour.it\/de\/?s={search_term_string}"},"query-input":{"@type":"PropertyValueSpecification","valueRequired":true,"valueName":"search_term_string"}}],"inLanguage":"de"},{"@type":"Organization","@id":"https:\/\/www.ivytour.it\/de\/#organization","name":"Ivy Tour Basilicata","url":"https:\/\/www.ivytour.it\/de\/","logo":{"@type":"ImageObject","inLanguage":"de","@id":"https:\/\/www.ivytour.it\/de\/#\/schema\/logo\/image\/","url":"https:\/\/www.ivytour.it\/wp-content\/uploads\/2020\/12\/ivytour_logo_small-e1607637115204.png","contentUrl":"https:\/\/www.ivytour.it\/wp-content\/uploads\/2020\/12\/ivytour_logo_small-e1607637115204.png","width":298,"height":90,"caption":"Ivy Tour Basilicata"},"image":{"@id":"https:\/\/www.ivytour.it\/de\/#\/schema\/logo\/image\/"}}]}},"_links":{"self":[{"href":"https:\/\/www.ivytour.it\/de\/wp-json\/wp\/v2\/pages\/43640","targetHints":{"allow":["GET"]}}],"collection":[{"href":"https:\/\/www.ivytour.it\/de\/wp-json\/wp\/v2\/pages"}],"about":[{"href":"https:\/\/www.ivytour.it\/de\/wp-json\/wp\/v2\/types\/page"}],"author":[{"embeddable":true,"href":"https:\/\/www.ivytour.it\/de\/wp-json\/wp\/v2\/users\/1"}],"replies":[{"embeddable":true,"href":"https:\/\/www.ivytour.it\/de\/wp-json\/wp\/v2\/comments?post=43640"}],"version-history":[{"count":0,"href":"https:\/\/www.ivytour.it\/de\/wp-json\/wp\/v2\/pages\/43640\/revisions"}],"wp:attachment":[{"href":"https:\/\/www.ivytour.it\/de\/wp-json\/wp\/v2\/media?parent=43640"}],"curies":[{"name":"wp","href":"https:\/\/api.w.org\/{rel}","templated":true}]}}