{"id":43468,"date":"2024-02-12T18:38:25","date_gmt":"2024-02-12T17:38:25","guid":{"rendered":"https:\/\/www.ivytour.it\/?post_type=product&#038;p=43468"},"modified":"2024-02-23T18:30:32","modified_gmt":"2024-02-23T17:30:32","slug":"wanderabenteuer-basilikata-matera-maratea-8-taegiger-wanderurlaub","status":"publish","type":"product","link":"https:\/\/www.ivytour.it\/de\/tour\/wanderabenteuer-in-der-basilikata-8-taegiger-wanderurlaub\/","title":{"rendered":"Wanderabenteuer in der Basilikata: UNESCO-Weltkulturerbe Matera, wilde Natur und traumhafte K\u00fcsten 8-t\u00e4giger Wanderurlaub"},"content":{"rendered":"<p>Als <strong>Carlo Levi<\/strong> w\u00e4hrend seiner erzwungenen <strong>Reise ins Exil nach Alian<\/strong>o zum ersten Mal die Monti Alburni sah, hatte er das Gef\u00fchl, in eine andere Welt einzutreten, eine Welt, in der<strong> nicht einmal Christus angekommen<\/strong> war! Von Neapel aus brechen wir in <strong>Richtung Basilikata<\/strong> auf und erreichen auf H\u00f6he von Eboli (erinnert euch das an etwas?), mitten auf der Ebene von Battipaglia, im Hintergrund die kantigen und imposanten Silhouetten der Monti Alburni: das Tor zur L\u00e4ndlichkeit. Hier erhielt Carlo Levi die Inspiration f\u00fcr den Titel seines <strong>ber\u00fchmten Romans<\/strong>: &#8222;<strong>Christus kam nur bis Eboli<\/strong>&#8222;. Nach diesen Bergen stand er einer r\u00fcckst\u00e4ndigen und isolierten Welt gegen\u00fcber. Diese Isolation, die f\u00fcr viele Jahre die <strong>Achillesferse der s\u00fcdlichen Regionen<\/strong> darstellte, verwandelt sich nun in eine unsch\u00e4tzbare Ressource. Sie hat es uns erm\u00f6glicht, der Moderne zu widerstehen und gleichzeitig alte <strong>Riten und Traditionen<\/strong>, authentische <strong>Rezepte und Lebensmittelprodukte<\/strong> zu bewahren, eine entspanntere Lebensweise im Alltag. Wir sind immer noch <strong>weit davon entfernt<\/strong>, ein Ziel f\u00fcr den <strong>globalisierten Massentourismus<\/strong> zu sein; Touristen sind selten und werden daher immer noch als <strong>G\u00e4ste betrachtet<\/strong>.<\/p>\n<p>Mit <strong>dieser Reise<\/strong> werden wir eine <strong>wilde und teilweise unbekannte Region<\/strong> entdecken. Die Route bildet einen Ring, der im <strong>Nordwesten der Basilikata beginnt<\/strong>, an der Grenze zur Kampanien, und sich in das <strong>Innere des Lucanischen Apennin<\/strong> erstreckt, vorbei an den <strong>Piccole Dolomiti Lucane<\/strong>. Nach dem obligatorischen Zwischenstopp im wundersch\u00f6nen <strong>Matera<\/strong>, <strong>UNESCO-Weltkulturerbe<\/strong> und <strong>europ\u00e4ische Kulturhauptstadt 2019<\/strong>, werden wir <strong>Craco<\/strong> besuchen, eine Geisterstadt, die in zahlreichen Filmerfolgen eine Hauptrolle spielte. Die letzten Etappen sind dem <strong>Nationalpark Pollino<\/strong> gewidmet, mit einer <strong>Wanderung zum Giardino degli Dei<\/strong>, einem der sch\u00f6nsten Orte Italiens! Wir schlie\u00dfen <strong>mit einem Bad am Meer<\/strong> an der K\u00fcste von <strong>Maratea<\/strong> ab: die Perle des <strong>Tyrrhenischen Meeres<\/strong>!<\/p>\n","protected":false},"excerpt":{"rendered":"<p>Wanderabenteuer in der Basilikata: 8-t\u00e4giger Wanderurlaub mit Ausfl\u00fcgen nach Matera, Maratea, den Dolomiti Lucane, dem Pollino und der Geisterstadt Craco und den Calanchi!<\/p>\n","protected":false},"featured_media":253,"template":"","meta":{"_acf_changed":false,"_monsterinsights_skip_tracking":false,"_monsterinsights_sitenote_active":false,"_monsterinsights_sitenote_note":"","_monsterinsights_sitenote_category":0,"_jet_sm_ready_style":"","_jet_sm_style":"","_jet_sm_controls_values":"","_jet_sm_fonts_collection":"","_jet_sm_fonts_links":""},"product_brand":[],"product_cat":[271],"product_tag":[],"paese":[],"attivita":[289],"class_list":{"0":"post-43468","1":"product","2":"type-product","3":"status-publish","4":"has-post-thumbnail","6":"product_cat-trekking-und-wandertouren","7":"attivita-lange-trekkingtouren","9":"first","10":"instock","11":"virtual","12":"sold-individually","13":"taxable","14":"purchasable","15":"product-type-booking"},"booking_location":"","booking_location_type":"","booking_duration":8,"booking_duration_unit":"day","booking_buffer":0,"booking_cost":0,"booking_resources":[],"exclude_global_add_ons":false,"addons":[{"name":"Einzelzimmerzuschlag","type":"input_multiplier","position":0,"required":false,"title_format":"label","default":"","description_enable":true,"description":"Gib die Anzahl der Einzelzimmer f\u00fcr diese Reservierung ein.","placeholder_enable":false,"placeholder":"","display":"select","restrictions_type":"any_text","adjust_price":true,"price":"300","price_type":"quantity_based","restrictions":false,"min":"0","max":"0","options":[],"id":1708713031}],"acf":[],"yoast_head":"<!-- This site is optimized with the Yoast SEO Premium plugin v27.3 (Yoast SEO v27.3) - https:\/\/yoast.com\/product\/yoast-seo-premium-wordpress\/ -->\n<title>Wanderabenteuer in der Basilikata: UNESCO-Weltkulturerbe Matera, wilde Natur und traumhafte K\u00fcsten 8-t\u00e4giger Wanderurlaub - IvyTour Basilicata<\/title>\n<meta name=\"description\" content=\"Wanderabenteuer in der Basilikata: 8-t\u00e4giger Wanderurlaub mit Ausfl\u00fcgen nach Matera, Maratea, den Dolomiti Lucane, dem Pollino und der Geisterstadt Craco.\" \/>\n<meta name=\"robots\" content=\"index, follow, max-snippet:-1, max-image-preview:large, max-video-preview:-1\" \/>\n<link rel=\"canonical\" href=\"https:\/\/www.ivytour.it\/de\/tour\/wanderabenteuer-in-der-basilikata-8-taegiger-wanderurlaub\/\" \/>\n<meta property=\"og:locale\" content=\"de_DE\" \/>\n<meta property=\"og:type\" content=\"article\" \/>\n<meta property=\"og:title\" content=\"Wanderabenteuer in der Basilikata: UNESCO-Weltkulturerbe Matera, wilde Natur und traumhafte K\u00fcsten 8-t\u00e4giger Wanderurlaub\" \/>\n<meta property=\"og:description\" content=\"Wanderabenteuer in der Basilikata: 8-t\u00e4giger Wanderurlaub mit Ausfl\u00fcgen nach Matera, Maratea, den Dolomiti Lucane, dem Pollino und der Geisterstadt Craco.\" \/>\n<meta property=\"og:url\" content=\"https:\/\/www.ivytour.it\/de\/tour\/wanderabenteuer-in-der-basilikata-8-taegiger-wanderurlaub\/\" \/>\n<meta property=\"og:site_name\" content=\"IvyTour Basilicata\" \/>\n<meta property=\"article:modified_time\" content=\"2024-02-23T17:30:32+00:00\" \/>\n<meta property=\"og:image\" content=\"https:\/\/www.ivytour.it\/wp-content\/uploads\/2020\/12\/Escursione-a-Maratae_3-Esco-in-Basilicata.jpg\" \/>\n\t<meta property=\"og:image:width\" content=\"1500\" \/>\n\t<meta property=\"og:image:height\" content=\"1125\" \/>\n\t<meta property=\"og:image:type\" content=\"image\/jpeg\" \/>\n<meta name=\"twitter:card\" content=\"summary_large_image\" \/>\n<meta name=\"twitter:label1\" content=\"Gesch\u00e4tzte Lesezeit\" \/>\n\t<meta name=\"twitter:data1\" content=\"7\u00a0Minuten\" \/>\n<script type=\"application\/ld+json\" class=\"yoast-schema-graph\">{\"@context\":\"https:\\\/\\\/schema.org\",\"@graph\":[{\"@type\":\"WebPage\",\"@id\":\"https:\\\/\\\/www.ivytour.it\\\/de\\\/tour\\\/wanderabenteuer-in-der-basilikata-8-taegiger-wanderurlaub\\\/\",\"url\":\"https:\\\/\\\/www.ivytour.it\\\/de\\\/tour\\\/wanderabenteuer-in-der-basilikata-8-taegiger-wanderurlaub\\\/\",\"name\":\"Wanderabenteuer in der Basilikata: UNESCO-Weltkulturerbe Matera, wilde Natur und traumhafte K\u00fcsten 8-t\u00e4giger Wanderurlaub - IvyTour Basilicata\",\"isPartOf\":{\"@id\":\"https:\\\/\\\/www.ivytour.it\\\/de\\\/#website\"},\"primaryImageOfPage\":{\"@id\":\"https:\\\/\\\/www.ivytour.it\\\/de\\\/tour\\\/wanderabenteuer-in-der-basilikata-8-taegiger-wanderurlaub\\\/#primaryimage\"},\"image\":{\"@id\":\"https:\\\/\\\/www.ivytour.it\\\/de\\\/tour\\\/wanderabenteuer-in-der-basilikata-8-taegiger-wanderurlaub\\\/#primaryimage\"},\"thumbnailUrl\":\"https:\\\/\\\/www.ivytour.it\\\/wp-content\\\/uploads\\\/2020\\\/12\\\/Escursione-a-Maratae_3-Esco-in-Basilicata.jpg\",\"datePublished\":\"2024-02-12T17:38:25+00:00\",\"dateModified\":\"2024-02-23T17:30:32+00:00\",\"description\":\"Wanderabenteuer in der Basilikata: 8-t\u00e4giger Wanderurlaub mit Ausfl\u00fcgen nach Matera, Maratea, den Dolomiti Lucane, dem Pollino und der Geisterstadt Craco.\",\"breadcrumb\":{\"@id\":\"https:\\\/\\\/www.ivytour.it\\\/de\\\/tour\\\/wanderabenteuer-in-der-basilikata-8-taegiger-wanderurlaub\\\/#breadcrumb\"},\"inLanguage\":\"de\",\"potentialAction\":[{\"@type\":\"ReadAction\",\"target\":[\"https:\\\/\\\/www.ivytour.it\\\/de\\\/tour\\\/wanderabenteuer-in-der-basilikata-8-taegiger-wanderurlaub\\\/\"]}]},{\"@type\":\"ImageObject\",\"inLanguage\":\"de\",\"@id\":\"https:\\\/\\\/www.ivytour.it\\\/de\\\/tour\\\/wanderabenteuer-in-der-basilikata-8-taegiger-wanderurlaub\\\/#primaryimage\",\"url\":\"https:\\\/\\\/www.ivytour.it\\\/wp-content\\\/uploads\\\/2020\\\/12\\\/Escursione-a-Maratae_3-Esco-in-Basilicata.jpg\",\"contentUrl\":\"https:\\\/\\\/www.ivytour.it\\\/wp-content\\\/uploads\\\/2020\\\/12\\\/Escursione-a-Maratae_3-Esco-in-Basilicata.jpg\",\"width\":1500,\"height\":1125},{\"@type\":\"BreadcrumbList\",\"@id\":\"https:\\\/\\\/www.ivytour.it\\\/de\\\/tour\\\/wanderabenteuer-in-der-basilikata-8-taegiger-wanderurlaub\\\/#breadcrumb\",\"itemListElement\":[{\"@type\":\"ListItem\",\"position\":1,\"name\":\"Home\",\"item\":\"https:\\\/\\\/www.ivytour.it\\\/de\\\/\"},{\"@type\":\"ListItem\",\"position\":2,\"name\":\"Offerte Basilicata Montagna\",\"item\":\"https:\\\/\\\/www.ivytour.it\\\/basilicata-montagna-offerte\\\/\"},{\"@type\":\"ListItem\",\"position\":3,\"name\":\"Wanderabenteuer in der Basilikata: UNESCO-Weltkulturerbe Matera, wilde Natur und traumhafte K\u00fcsten 8-t\u00e4giger Wanderurlaub\"}]},{\"@type\":\"WebSite\",\"@id\":\"https:\\\/\\\/www.ivytour.it\\\/de\\\/#website\",\"url\":\"https:\\\/\\\/www.ivytour.it\\\/de\\\/\",\"name\":\"IvyTour Basilicata\",\"description\":\"Agenzia di viaggi &amp; Tour Operator\",\"publisher\":{\"@id\":\"https:\\\/\\\/www.ivytour.it\\\/de\\\/#organization\"},\"potentialAction\":[{\"@type\":\"SearchAction\",\"target\":{\"@type\":\"EntryPoint\",\"urlTemplate\":\"https:\\\/\\\/www.ivytour.it\\\/de\\\/?s={search_term_string}\"},\"query-input\":{\"@type\":\"PropertyValueSpecification\",\"valueRequired\":true,\"valueName\":\"search_term_string\"}}],\"inLanguage\":\"de\"},{\"@type\":\"Organization\",\"@id\":\"https:\\\/\\\/www.ivytour.it\\\/de\\\/#organization\",\"name\":\"Ivy Tour Basilicata\",\"url\":\"https:\\\/\\\/www.ivytour.it\\\/de\\\/\",\"logo\":{\"@type\":\"ImageObject\",\"inLanguage\":\"de\",\"@id\":\"https:\\\/\\\/www.ivytour.it\\\/de\\\/#\\\/schema\\\/logo\\\/image\\\/\",\"url\":\"https:\\\/\\\/www.ivytour.it\\\/wp-content\\\/uploads\\\/2020\\\/12\\\/ivytour_logo_small-e1607637115204.png\",\"contentUrl\":\"https:\\\/\\\/www.ivytour.it\\\/wp-content\\\/uploads\\\/2020\\\/12\\\/ivytour_logo_small-e1607637115204.png\",\"width\":298,\"height\":90,\"caption\":\"Ivy Tour Basilicata\"},\"image\":{\"@id\":\"https:\\\/\\\/www.ivytour.it\\\/de\\\/#\\\/schema\\\/logo\\\/image\\\/\"}}]}<\/script>\n<!-- \/ Yoast SEO Premium plugin. -->","yoast_head_json":{"title":"Wanderabenteuer in der Basilikata: UNESCO-Weltkulturerbe Matera, wilde Natur und traumhafte K\u00fcsten 8-t\u00e4giger Wanderurlaub - IvyTour Basilicata","description":"Wanderabenteuer in der Basilikata: 8-t\u00e4giger Wanderurlaub mit Ausfl\u00fcgen nach Matera, Maratea, den Dolomiti Lucane, dem Pollino und der Geisterstadt Craco.","robots":{"index":"index","follow":"follow","max-snippet":"max-snippet:-1","max-image-preview":"max-image-preview:large","max-video-preview":"max-video-preview:-1"},"canonical":"https:\/\/www.ivytour.it\/de\/tour\/wanderabenteuer-in-der-basilikata-8-taegiger-wanderurlaub\/","og_locale":"de_DE","og_type":"article","og_title":"Wanderabenteuer in der Basilikata: UNESCO-Weltkulturerbe Matera, wilde Natur und traumhafte K\u00fcsten 8-t\u00e4giger Wanderurlaub","og_description":"Wanderabenteuer in der Basilikata: 8-t\u00e4giger Wanderurlaub mit Ausfl\u00fcgen nach Matera, Maratea, den Dolomiti Lucane, dem Pollino und der Geisterstadt Craco.","og_url":"https:\/\/www.ivytour.it\/de\/tour\/wanderabenteuer-in-der-basilikata-8-taegiger-wanderurlaub\/","og_site_name":"IvyTour Basilicata","article_modified_time":"2024-02-23T17:30:32+00:00","og_image":[{"width":1500,"height":1125,"url":"https:\/\/www.ivytour.it\/wp-content\/uploads\/2020\/12\/Escursione-a-Maratae_3-Esco-in-Basilicata.jpg","type":"image\/jpeg"}],"twitter_card":"summary_large_image","twitter_misc":{"Gesch\u00e4tzte Lesezeit":"7\u00a0Minuten"},"schema":{"@context":"https:\/\/schema.org","@graph":[{"@type":"WebPage","@id":"https:\/\/www.ivytour.it\/de\/tour\/wanderabenteuer-in-der-basilikata-8-taegiger-wanderurlaub\/","url":"https:\/\/www.ivytour.it\/de\/tour\/wanderabenteuer-in-der-basilikata-8-taegiger-wanderurlaub\/","name":"Wanderabenteuer in der Basilikata: UNESCO-Weltkulturerbe Matera, wilde Natur und traumhafte K\u00fcsten 8-t\u00e4giger Wanderurlaub - IvyTour Basilicata","isPartOf":{"@id":"https:\/\/www.ivytour.it\/de\/#website"},"primaryImageOfPage":{"@id":"https:\/\/www.ivytour.it\/de\/tour\/wanderabenteuer-in-der-basilikata-8-taegiger-wanderurlaub\/#primaryimage"},"image":{"@id":"https:\/\/www.ivytour.it\/de\/tour\/wanderabenteuer-in-der-basilikata-8-taegiger-wanderurlaub\/#primaryimage"},"thumbnailUrl":"https:\/\/www.ivytour.it\/wp-content\/uploads\/2020\/12\/Escursione-a-Maratae_3-Esco-in-Basilicata.jpg","datePublished":"2024-02-12T17:38:25+00:00","dateModified":"2024-02-23T17:30:32+00:00","description":"Wanderabenteuer in der Basilikata: 8-t\u00e4giger Wanderurlaub mit Ausfl\u00fcgen nach Matera, Maratea, den Dolomiti Lucane, dem Pollino und der Geisterstadt Craco.","breadcrumb":{"@id":"https:\/\/www.ivytour.it\/de\/tour\/wanderabenteuer-in-der-basilikata-8-taegiger-wanderurlaub\/#breadcrumb"},"inLanguage":"de","potentialAction":[{"@type":"ReadAction","target":["https:\/\/www.ivytour.it\/de\/tour\/wanderabenteuer-in-der-basilikata-8-taegiger-wanderurlaub\/"]}]},{"@type":"ImageObject","inLanguage":"de","@id":"https:\/\/www.ivytour.it\/de\/tour\/wanderabenteuer-in-der-basilikata-8-taegiger-wanderurlaub\/#primaryimage","url":"https:\/\/www.ivytour.it\/wp-content\/uploads\/2020\/12\/Escursione-a-Maratae_3-Esco-in-Basilicata.jpg","contentUrl":"https:\/\/www.ivytour.it\/wp-content\/uploads\/2020\/12\/Escursione-a-Maratae_3-Esco-in-Basilicata.jpg","width":1500,"height":1125},{"@type":"BreadcrumbList","@id":"https:\/\/www.ivytour.it\/de\/tour\/wanderabenteuer-in-der-basilikata-8-taegiger-wanderurlaub\/#breadcrumb","itemListElement":[{"@type":"ListItem","position":1,"name":"Home","item":"https:\/\/www.ivytour.it\/de\/"},{"@type":"ListItem","position":2,"name":"Offerte Basilicata Montagna","item":"https:\/\/www.ivytour.it\/basilicata-montagna-offerte\/"},{"@type":"ListItem","position":3,"name":"Wanderabenteuer in der Basilikata: UNESCO-Weltkulturerbe Matera, wilde Natur und traumhafte K\u00fcsten 8-t\u00e4giger Wanderurlaub"}]},{"@type":"WebSite","@id":"https:\/\/www.ivytour.it\/de\/#website","url":"https:\/\/www.ivytour.it\/de\/","name":"IvyTour Basilicata","description":"Agenzia di viaggi &amp; Tour Operator","publisher":{"@id":"https:\/\/www.ivytour.it\/de\/#organization"},"potentialAction":[{"@type":"SearchAction","target":{"@type":"EntryPoint","urlTemplate":"https:\/\/www.ivytour.it\/de\/?s={search_term_string}"},"query-input":{"@type":"PropertyValueSpecification","valueRequired":true,"valueName":"search_term_string"}}],"inLanguage":"de"},{"@type":"Organization","@id":"https:\/\/www.ivytour.it\/de\/#organization","name":"Ivy Tour Basilicata","url":"https:\/\/www.ivytour.it\/de\/","logo":{"@type":"ImageObject","inLanguage":"de","@id":"https:\/\/www.ivytour.it\/de\/#\/schema\/logo\/image\/","url":"https:\/\/www.ivytour.it\/wp-content\/uploads\/2020\/12\/ivytour_logo_small-e1607637115204.png","contentUrl":"https:\/\/www.ivytour.it\/wp-content\/uploads\/2020\/12\/ivytour_logo_small-e1607637115204.png","width":298,"height":90,"caption":"Ivy Tour Basilicata"},"image":{"@id":"https:\/\/www.ivytour.it\/de\/#\/schema\/logo\/image\/"}}]}},"_links":{"self":[{"href":"https:\/\/www.ivytour.it\/de\/wp-json\/wp\/v2\/product\/43468","targetHints":{"allow":["GET"]}}],"collection":[{"href":"https:\/\/www.ivytour.it\/de\/wp-json\/wp\/v2\/product"}],"about":[{"href":"https:\/\/www.ivytour.it\/de\/wp-json\/wp\/v2\/types\/product"}],"version-history":[{"count":0,"href":"https:\/\/www.ivytour.it\/de\/wp-json\/wp\/v2\/product\/43468\/revisions"}],"wp:featuredmedia":[{"embeddable":true,"href":"https:\/\/www.ivytour.it\/de\/wp-json\/wp\/v2\/media\/253"}],"wp:attachment":[{"href":"https:\/\/www.ivytour.it\/de\/wp-json\/wp\/v2\/media?parent=43468"}],"wp:term":[{"taxonomy":"product_brand","embeddable":true,"href":"https:\/\/www.ivytour.it\/de\/wp-json\/wp\/v2\/product_brand?post=43468"},{"taxonomy":"product_cat","embeddable":true,"href":"https:\/\/www.ivytour.it\/de\/wp-json\/wp\/v2\/product_cat?post=43468"},{"taxonomy":"product_tag","embeddable":true,"href":"https:\/\/www.ivytour.it\/de\/wp-json\/wp\/v2\/product_tag?post=43468"},{"taxonomy":"paese","embeddable":true,"href":"https:\/\/www.ivytour.it\/de\/wp-json\/wp\/v2\/paese?post=43468"},{"taxonomy":"attivita","embeddable":true,"href":"https:\/\/www.ivytour.it\/de\/wp-json\/wp\/v2\/attivita?post=43468"}],"curies":[{"name":"wp","href":"https:\/\/api.w.org\/{rel}","templated":true}]}}